{"id":79,"date":"2018-07-31T14:14:37","date_gmt":"2018-07-31T14:14:37","guid":{"rendered":"http:\/\/localhost\/casa-talento\/?page_id=79"},"modified":"2025-09-16T18:32:16","modified_gmt":"2025-09-16T18:32:16","slug":"matricula","status":"publish","type":"page","link":"https:\/\/www.casatalento.com.br\/index.php\/matricula\/","title":{"rendered":"Matr\u00edcula"},"content":{"rendered":"\n<h2 class=\"wp-block-heading\"><span style=\"vertical-align: inherit;\"><span style=\"vertical-align: inherit;\">Matricule-se na melhor Escola de M\u00fasica!<\/span><\/span><\/h2>\n\n\n\n<p><span style=\"vertical-align: inherit;\"><span style=\"vertical-align: inherit;\">Aulas para beb\u00eas (a partir dos 6 meses), crian\u00e7as, jovens e adultos.<\/span><\/span><\/p>\n\n\n\n<p><span style=\"vertical-align: inherit;\"><span style=\"vertical-align: inherit;\">Preencha o formul\u00e1rio ou se preferir ligue pra gente:<\/span><\/span><\/p>\n\n\n\n<ul>\n<li><a href=\"https:\/\/w.app\/whatssitecasatalento\" target=\"_blank\" rel=\"noopener\"><span style=\"vertical-align: inherit;\"><span style=\"vertical-align: inherit;\">(084) 3201-1363<\/span><\/span><\/a>&nbsp;<img decoding=\"async\" loading=\"lazy\" class=\"alignnone size-full wp-image-731\" src=\"http:\/\/www.casatalento.com.br\/wp-content\/uploads\/2018\/12\/whatsapp-logo-PEQUENO.png\" alt=\"\" width=\"35\" height=\"35\"><\/li>\n<\/ul>\n","protected":false},"excerpt":{"rendered":"<p>Matricule-se na melhor Escola de M\u00fasica! Aulas para beb\u00eas (a partir dos 6 meses), crian\u00e7as, jovens e adultos. Preencha o formul\u00e1rio ou se preferir ligue pra gente:<\/p>\n","protected":false},"author":1,"featured_media":0,"parent":0,"menu_order":0,"comment_status":"closed","ping_status":"closed","template":"page-matricula.php","meta":{"_exactmetrics_skip_tracking":false,"_exactmetrics_sitenote_active":false,"_exactmetrics_sitenote_note":"","_exactmetrics_sitenote_category":0},"acf":[],"_links":{"self":[{"href":"https:\/\/www.casatalento.com.br\/index.php\/wp-json\/wp\/v2\/pages\/79"}],"collection":[{"href":"https:\/\/www.casatalento.com.br\/index.php\/wp-json\/wp\/v2\/pages"}],"about":[{"href":"https:\/\/www.casatalento.com.br\/index.php\/wp-json\/wp\/v2\/types\/page"}],"author":[{"embeddable":true,"href":"https:\/\/www.casatalento.com.br\/index.php\/wp-json\/wp\/v2\/users\/1"}],"replies":[{"embeddable":true,"href":"https:\/\/www.casatalento.com.br\/index.php\/wp-json\/wp\/v2\/comments?post=79"}],"version-history":[{"count":40,"href":"https:\/\/www.casatalento.com.br\/index.php\/wp-json\/wp\/v2\/pages\/79\/revisions"}],"predecessor-version":[{"id":841,"href":"https:\/\/www.casatalento.com.br\/index.php\/wp-json\/wp\/v2\/pages\/79\/revisions\/841"}],"wp:attachment":[{"href":"https:\/\/www.casatalento.com.br\/index.php\/wp-json\/wp\/v2\/media?parent=79"}],"curies":[{"name":"wp","href":"https:\/\/api.w.org\/{rel}","templated":true}]}}