{"id":17,"date":"2018-07-25T13:26:10","date_gmt":"2018-07-25T13:26:10","guid":{"rendered":"http:\/\/localhost\/casa-talento\/?page_id=17"},"modified":"2021-08-17T02:51:36","modified_gmt":"2021-08-17T02:51:36","slug":"metodo-suzuki","status":"publish","type":"page","link":"https:\/\/www.casatalento.com.br\/index.php\/metodo-suzuki\/","title":{"rendered":"Metodologia de Ensino"},"content":{"rendered":"<h2><span style=\"vertical-align: inherit;\"><span style=\"vertical-align: inherit;\"><span style=\"vertical-align: inherit;\"><span style=\"vertical-align: inherit;\"><span style=\"vertical-align: inherit;\"><span style=\"vertical-align: inherit;\">Vivendo e praticando a Filosofia Suzuki, acreditamos que, o \u201ctalento n\u00e3o \u00e9 herdado, e sim, treinado e educado\u201d (SUZUKI, 2008).<\/span><\/span><\/span><\/span><\/span><\/span><\/h2>\n<p><strong><span style=\"vertical-align: inherit;\"><span style=\"vertical-align: inherit;\"><span style=\"vertical-align: inherit;\"><span style=\"vertical-align: inherit;\"><span style=\"vertical-align: inherit;\"><span style=\"vertical-align: inherit;\">A metodologia da Casa Talento<\/span><\/span><\/span><\/span><\/span><\/span><\/strong><span style=\"vertical-align: inherit;\"><span style=\"vertical-align: inherit;\"><span style=\"vertical-align: inherit;\"><span style=\"vertical-align: inherit;\"><span style=\"vertical-align: inherit;\"><span style=\"vertical-align: inherit;\"> tem sua fundamenta\u00e7\u00e3o na filosofia de ensino Suzuki, cujo m\u00e9todo baseia-se na vis\u00e3o de que o ser humano possui diversas potencialidades que s\u00e3o desenvolvidas pelo contato com o ambiente que o cerca, tendo apoio no tri\u00e2ngulo da educa\u00e7\u00e3o Suzuki formado por aluno, fam\u00edlia e professor. <\/span><\/span><\/span><\/span><\/span><span style=\"vertical-align: inherit;\"><span style=\"vertical-align: inherit;\"><span style=\"vertical-align: inherit;\"><span style=\"vertical-align: inherit;\"><span style=\"vertical-align: inherit;\">Sua base de sustenta\u00e7\u00e3o possui 9 pilares, s\u00e3o eles:<\/span><\/span><\/span><\/span><\/span><\/span><\/p>\n<p><strong><span style=\"vertical-align: inherit;\"><span style=\"vertical-align: inherit;\"><span style=\"vertical-align: inherit;\"><span style=\"vertical-align: inherit;\"><span style=\"vertical-align: inherit;\"><span style=\"vertical-align: inherit;\">Toda pessoa \u00e9 capaz:<\/span><\/span><\/span><\/span><\/span><\/span><\/strong><span style=\"vertical-align: inherit;\"><span style=\"vertical-align: inherit;\"><span style=\"vertical-align: inherit;\"><span style=\"vertical-align: inherit;\"><span style=\"vertical-align: inherit;\"><span style=\"vertical-align: inherit;\"> do mesmo modo que aprendemos na l\u00edngua materna, naturalmente atrav\u00e9s da repeti\u00e7\u00e3o, tamb\u00e9m \u00e9 poss\u00edvel aprender a linguagem da m\u00fasica.<\/span><\/span><\/span><\/span><\/span><\/span><\/p>\n<p><strong><span style=\"vertical-align: inherit;\"><span style=\"vertical-align: inherit;\"><span style=\"vertical-align: inherit;\"><span style=\"vertical-align: inherit;\"><span style=\"vertical-align: inherit;\"><span style=\"vertical-align: inherit;\">Envolvimento da fam\u00edlia:<\/span><\/span><\/span><\/span><\/span><\/span><\/strong><span style=\"vertical-align: inherit;\"><span style=\"vertical-align: inherit;\"><span style=\"vertical-align: inherit;\"><span style=\"vertical-align: inherit;\"><span style=\"vertical-align: inherit;\"><span style=\"vertical-align: inherit;\"> essencial para criar um ambiente de aprendizagem favor\u00e1vel, fortalecendo os v\u00ednculos familiares.<\/span><\/span><\/span><\/span><\/span><\/span><\/p>\n<p><strong><span style=\"vertical-align: inherit;\"><span style=\"vertical-align: inherit;\"><span style=\"vertical-align: inherit;\"><span style=\"vertical-align: inherit;\"><span style=\"vertical-align: inherit;\"><span style=\"vertical-align: inherit;\">Come\u00e7ar desde cedo:<\/span><\/span><\/span><\/span><\/span><\/span><\/strong><span style=\"vertical-align: inherit;\"><span style=\"vertical-align: inherit;\"><span style=\"vertical-align: inherit;\"><span style=\"vertical-align: inherit;\"><span style=\"vertical-align: inherit;\"><span style=\"vertical-align: inherit;\"> \u00e9 interessante o contato di\u00e1rio com a m\u00fasica desde a inf\u00e2ncia, fazendo parte do processo de forma\u00e7\u00e3o do indiv\u00edduo. <\/span><\/span><\/span><\/span><\/span><span style=\"vertical-align: inherit;\"><span style=\"vertical-align: inherit;\"><span style=\"vertical-align: inherit;\"><span style=\"vertical-align: inherit;\"><span style=\"vertical-align: inherit;\">Um bom ambiente musical pode dar condi\u00e7\u00f5es \u00e0 crian\u00e7a de come\u00e7ar a estudar um instrumento a partir dos 4 anos, por\u00e9m, nunca \u00e9 tarde para come\u00e7ar.<\/span><\/span><\/span><\/span><\/span><\/span><\/p>\n<p><strong><span style=\"vertical-align: inherit;\"><span style=\"vertical-align: inherit;\"><span style=\"vertical-align: inherit;\"><span style=\"vertical-align: inherit;\"><span style=\"vertical-align: inherit;\"><span style=\"vertical-align: inherit;\">Ouvir:<\/span><\/span><\/span><\/span><\/span><\/span><\/strong><span style=\"vertical-align: inherit;\"><span style=\"vertical-align: inherit;\"><span style=\"vertical-align: inherit;\"><span style=\"vertical-align: inherit;\"><span style=\"vertical-align: inherit;\"><span style=\"vertical-align: inherit;\"> quando crian\u00e7as aprendemos a falar com a audi\u00e7\u00e3o constante das palavras ditas pelos outros. <\/span><\/span><\/span><\/span><\/span><span style=\"vertical-align: inherit;\"><span style=\"vertical-align: inherit;\"><span style=\"vertical-align: inherit;\"><span style=\"vertical-align: inherit;\"><span style=\"vertical-align: inherit;\">Com a m\u00fasica ocorre o mesmo, \u00e9 muito importante ouvir a m\u00fasica todos os dias para reconhecermos o que se almeja tocar, at\u00e9 mesmo antes do contato com o instrumento.<\/span><\/span><\/span><\/span><\/span><\/span><\/p>\n<p><strong><span style=\"vertical-align: inherit;\"><span style=\"vertical-align: inherit;\"><span style=\"vertical-align: inherit;\"><span style=\"vertical-align: inherit;\"><span style=\"vertical-align: inherit;\"><span style=\"vertical-align: inherit;\">Repetir:<\/span><\/span><\/span><\/span><\/span><\/span><\/strong><span style=\"vertical-align: inherit;\"><span style=\"vertical-align: inherit;\"><span style=\"vertical-align: inherit;\"><span style=\"vertical-align: inherit;\"><span style=\"vertical-align: inherit;\"><span style=\"vertical-align: inherit;\"> para aprender um instrumento existe a necessidade da constante soma e repeti\u00e7\u00e3o do repert\u00f3rio j\u00e1 assimilado. <\/span><\/span><\/span><\/span><\/span><span style=\"vertical-align: inherit;\"><span style=\"vertical-align: inherit;\"><span style=\"vertical-align: inherit;\"><span style=\"vertical-align: inherit;\"><span style=\"vertical-align: inherit;\">Ao aprender uma m\u00fasica n\u00e3o se deve descart\u00e1-la, mas acumular gradativamente novas pe\u00e7as.<\/span><\/span><\/span><\/span><\/span><\/span><\/p>\n<p><strong><span style=\"vertical-align: inherit;\"><span style=\"vertical-align: inherit;\"><span style=\"vertical-align: inherit;\"><span style=\"vertical-align: inherit;\"><span style=\"vertical-align: inherit;\"><span style=\"vertical-align: inherit;\">Encorajar:<\/span><\/span><\/span><\/span><\/span><\/span><\/strong><span style=\"vertical-align: inherit;\"><span style=\"vertical-align: inherit;\"><span style=\"vertical-align: inherit;\"><span style=\"vertical-align: inherit;\"><span style=\"vertical-align: inherit;\"><span style=\"vertical-align: inherit;\"> o esfor\u00e7o do aluno em aprender um instrumento deve ser acompanhado de est\u00edmulos e incentivos sinceros, cada pessoa tem seu tempo e jeito de aprender. <\/span><\/span><\/span><\/span><\/span><span style=\"vertical-align: inherit;\"><span style=\"vertical-align: inherit;\"><span style=\"vertical-align: inherit;\"><span style=\"vertical-align: inherit;\"><span style=\"vertical-align: inherit;\">Tamb\u00e9m \u00e9 importante criar um ambiente de solidariedade e est\u00edmulo aos alunos a encorajarem uns aos outros.<\/span><\/span><\/span><\/span><\/span><\/span><\/p>\n<p><strong><span style=\"vertical-align: inherit;\"><span style=\"vertical-align: inherit;\"><span style=\"vertical-align: inherit;\"><span style=\"vertical-align: inherit;\"><span style=\"vertical-align: inherit;\"><span style=\"vertical-align: inherit;\">Aprender em coletividade:<\/span><\/span><\/span><\/span><\/span><\/span><\/strong><span style=\"vertical-align: inherit;\"><span style=\"vertical-align: inherit;\"><span style=\"vertical-align: inherit;\"><span style=\"vertical-align: inherit;\"><span style=\"vertical-align: inherit;\"><span style=\"vertical-align: inherit;\"> nas e aulas aulas em grupo os alunos trocam experi\u00eancias, t\u00eam contato com colegas mais avan\u00e7ados, aprendem a trabalhar em equipe, motivam e se inspiram mutuamente.<\/span><\/span><\/span><\/span><\/span><\/span><\/p>\n<p><strong><span style=\"vertical-align: inherit;\"><span style=\"vertical-align: inherit;\"><span style=\"vertical-align: inherit;\"><span style=\"vertical-align: inherit;\"><span style=\"vertical-align: inherit;\"><span style=\"vertical-align: inherit;\">Repert\u00f3rio Gradual:<\/span><\/span><\/span><\/span><\/span><\/span><\/strong><span style=\"vertical-align: inherit;\"><span style=\"vertical-align: inherit;\"><span style=\"vertical-align: inherit;\"><span style=\"vertical-align: inherit;\"><span style=\"vertical-align: inherit;\"><span style=\"vertical-align: inherit;\"> pela filosofia Suzuki, todo o repert\u00f3rio \u00e9 pensado para resolver os problemas t\u00e9cnicos com pe\u00e7as pr\u00f3prias, sem que torne necess\u00e1rio o uso de exerc\u00edcios t\u00e9cnicos cansativos e entediantes.<\/span><\/span><\/span><\/span><\/span><\/span><\/p>\n<p><strong><span style=\"vertical-align: inherit;\"><span style=\"vertical-align: inherit;\"><span style=\"vertical-align: inherit;\"><span style=\"vertical-align: inherit;\"><span style=\"vertical-align: inherit;\"><span style=\"vertical-align: inherit;\">Leitura Tardia:<\/span><\/span><\/span><\/span><\/span><\/span><\/strong><span style=\"vertical-align: inherit;\"><span style=\"vertical-align: inherit;\"><span style=\"vertical-align: inherit;\"><span style=\"vertical-align: inherit;\"><span style=\"vertical-align: inherit;\"><span style=\"vertical-align: inherit;\"> na inf\u00e2ncia s\u00f3 desenvolvemos a leitura ap\u00f3s aprendermos a falar, assim tamb\u00e9m deve ser com a leitura musical, sendo aprendida ap\u00f3s o aluno ter uma base t\u00e9cnica m\u00ednima em seu instrumento.<\/span><\/span><\/span><\/span><\/span><\/span><\/p>\n","protected":false},"excerpt":{"rendered":"<p>Vivendo e praticando a Filosofia Suzuki, acreditamos que, o \u201ctalento n\u00e3o \u00e9 herdado, e sim, treinado e educado\u201d (SUZUKI, 2008). A metodologia da Casa Talento tem sua fundamenta\u00e7\u00e3o na filosofia de ensino Suzuki, cujo m\u00e9todo baseia-se na vis\u00e3o de que o ser humano possui diversas potencialidades que s\u00e3o desenvolvidas pelo contato com o ambiente que [&hellip;]<\/p>\n","protected":false},"author":1,"featured_media":424,"parent":0,"menu_order":0,"comment_status":"closed","ping_status":"closed","template":"","meta":{"_exactmetrics_skip_tracking":false,"_exactmetrics_sitenote_active":false,"_exactmetrics_sitenote_note":"","_exactmetrics_sitenote_category":0},"acf":[],"_links":{"self":[{"href":"https:\/\/www.casatalento.com.br\/index.php\/wp-json\/wp\/v2\/pages\/17"}],"collection":[{"href":"https:\/\/www.casatalento.com.br\/index.php\/wp-json\/wp\/v2\/pages"}],"about":[{"href":"https:\/\/www.casatalento.com.br\/index.php\/wp-json\/wp\/v2\/types\/page"}],"author":[{"embeddable":true,"href":"https:\/\/www.casatalento.com.br\/index.php\/wp-json\/wp\/v2\/users\/1"}],"replies":[{"embeddable":true,"href":"https:\/\/www.casatalento.com.br\/index.php\/wp-json\/wp\/v2\/comments?post=17"}],"version-history":[{"count":26,"href":"https:\/\/www.casatalento.com.br\/index.php\/wp-json\/wp\/v2\/pages\/17\/revisions"}],"predecessor-version":[{"id":814,"href":"https:\/\/www.casatalento.com.br\/index.php\/wp-json\/wp\/v2\/pages\/17\/revisions\/814"}],"wp:featuredmedia":[{"embeddable":true,"href":"https:\/\/www.casatalento.com.br\/index.php\/wp-json\/wp\/v2\/media\/424"}],"wp:attachment":[{"href":"https:\/\/www.casatalento.com.br\/index.php\/wp-json\/wp\/v2\/media?parent=17"}],"curies":[{"name":"wp","href":"https:\/\/api.w.org\/{rel}","templated":true}]}}